{"id":42,"date":"2025-01-21T13:37:14","date_gmt":"2025-01-21T13:37:14","guid":{"rendered":"https:\/\/lummilight.com\/?page_id=42"},"modified":"2025-04-02T01:47:15","modified_gmt":"2025-04-02T01:47:15","slug":"about","status":"publish","type":"page","link":"https:\/\/lummilight.com\/vi\/about\/","title":{"rendered":"V\u1ec1"},"content":{"rendered":"<div data-elementor-type=\"wp-page\" data-elementor-id=\"42\" class=\"elementor elementor-42\" data-elementor-post-type=\"page\">\n\t\t\t\t<div class=\"elementor-element elementor-element-477846af e-flex e-con-boxed e-con e-parent\" data-id=\"477846af\" data-element_type=\"container\" data-e-type=\"container\" data-settings=\"{&quot;background_background&quot;:&quot;classic&quot;}\">\n\t\t\t\t\t<div class=\"e-con-inner\">\n\t\t<div class=\"elementor-element elementor-element-17f96f6e e-con-full e-flex e-con e-child\" data-id=\"17f96f6e\" data-element_type=\"container\" data-e-type=\"container\">\n\t\t\t\t<div class=\"elementor-element elementor-element-28755bfa elementor-invisible elementor-widget elementor-widget-heading\" data-id=\"28755bfa\" data-element_type=\"widget\" data-e-type=\"widget\" data-settings=\"{&quot;_animation&quot;:&quot;fadeIn&quot;}\" data-widget_type=\"heading.default\">\n\t\t\t\t<div class=\"elementor-widget-container\">\n\t\t\t\t\t<h1 class=\"elementor-heading-title elementor-size-default\">Nh\u00e0 s\u1ea3n xu\u1ea5t \u0111\u00e8n LED trong nh\u00e0 v\u00e0 ngo\u00e0i tr\u1eddi h\u00e0ng \u0111\u1ea7u t\u1ea1i Trung Qu\u1ed1c<\/h1>\t\t\t\t<\/div>\n\t\t\t\t<\/div>\n\t\t\t\t<div class=\"elementor-element elementor-element-3bfb0907 elementor-widget elementor-widget-text-editor\" data-id=\"3bfb0907\" data-element_type=\"widget\" data-e-type=\"widget\" data-widget_type=\"text-editor.default\">\n\t\t\t\t<div class=\"elementor-widget-container\">\n\t\t\t\t\t\t\t\t\t<p>LUMMI LIGHT, th\u00e0nh l\u1eadp v\u00e0o n\u0103m 2015 v\u00e0 c\u00f3 tr\u1ee5 s\u1edf ch\u00ednh t\u1ea1i Th\u00e2m Quy\u1ebfn, l\u00e0 m\u1ed9t trong nh\u1eefng c\u00f4ng ty h\u00e0ng \u0111\u1ea7u <a href=\"https:\/\/lummilight.com\/vi\/indoor\/\">\u00c1nh s\u00e1ng trong nh\u00e0<\/a> v\u00e0 <a href=\"https:\/\/lummilight.com\/vi\/outdoor\/\">\u0110\u00e8n chi\u1ebfu s\u00e1ng ngo\u00e0i tr\u1eddi<\/a> Nh\u00e0 s\u1ea3n xu\u1ea5t gi\u1ea3i ph\u00e1p. V\u1edbi \u0111\u1ed9i ng\u0169 chuy\u00ean nghi\u1ec7p h\u01a1n 100 nh\u00e2n vi\u00ean, ch\u00fang t\u00f4i chuy\u00ean cung c\u1ea5p c\u00e1c s\u1ea3n ph\u1ea9m chi\u1ebfu s\u00e1ng LED ch\u1ea5t l\u01b0\u1ee3ng cao \u0111\u00e1p \u1ee9ng c\u00e1c ti\u00eau chu\u1ea9n qu\u1ed1c t\u1ebf. C\u00f4ng ty ch\u00fang t\u00f4i \u0111\u01b0\u1ee3c ch\u1ee9ng nh\u1eadn ISO 9001 v\u00e0 s\u1edf h\u1eefu c\u00e1c ch\u1ee9ng nh\u1eadn CE, RoHS, ETL v\u00e0 UL, \u0111\u1ea3m b\u1ea3o an to\u00e0n s\u1ea3n ph\u1ea9m, \u0111\u1ed9 tin c\u1eady v\u00e0 tr\u00e1ch nhi\u1ec7m v\u1edbi m\u00f4i tr\u01b0\u1eddng.<\/p><p>Ch\u00fang t\u00f4i ki\u1ec3m so\u00e1t v\u00e0 ki\u1ec3m tra nghi\u00eam ng\u1eb7t t\u1eebng s\u1ea3n ph\u1ea9m, t\u1eeb vi\u1ec7c ki\u1ec3m tra nguy\u00ean li\u1ec7u th\u00f4, qu\u00e1 tr\u00ecnh s\u1ea3n xu\u1ea5t v\u00e0 gia c\u00f4ng cho \u0111\u1ebfn vi\u1ec7c l\u1eafp r\u00e1p s\u1ea3n ph\u1ea9m.\u00a0<\/p>\t\t\t\t\t\t\t\t<\/div>\n\t\t\t\t<\/div>\n\t\t\t\t<\/div>\n\t\t<div class=\"elementor-element elementor-element-2fed29c2 e-con-full e-flex e-con e-child\" data-id=\"2fed29c2\" data-element_type=\"container\" data-e-type=\"container\">\n\t\t\t\t<div class=\"elementor-element elementor-element-3ffd2810 elementor-widget elementor-widget-image\" data-id=\"3ffd2810\" data-element_type=\"widget\" data-e-type=\"widget\" data-widget_type=\"image.default\">\n\t\t\t\t<div class=\"elementor-widget-container\">\n\t\t\t\t\t\t\t\t\t\t\t\t\t\t\t<img fetchpriority=\"high\" decoding=\"async\" width=\"800\" height=\"500\" src=\"https:\/\/lummilight.com\/wp-content\/uploads\/2025\/02\/O1CN01FvPVvq201PkXQ.jpg\" class=\"attachment-large size-large wp-image-316\" alt=\"\" srcset=\"https:\/\/lummilight.com\/wp-content\/uploads\/2025\/02\/O1CN01FvPVvq201PkXQ.jpg 1000w, https:\/\/lummilight.com\/wp-content\/uploads\/2025\/02\/O1CN01FvPVvq201PkXQ-300x188.jpg 300w, https:\/\/lummilight.com\/wp-content\/uploads\/2025\/02\/O1CN01FvPVvq201PkXQ-768x480.jpg 768w, https:\/\/lummilight.com\/wp-content\/uploads\/2025\/02\/O1CN01FvPVvq201PkXQ-18x12.jpg 18w\" sizes=\"(max-width: 800px) 100vw, 800px\" \/>\t\t\t\t\t\t\t\t\t\t\t\t\t\t\t<\/div>\n\t\t\t\t<\/div>\n\t\t\t\t<\/div>\n\t\t\t\t\t<\/div>\n\t\t\t\t<\/div>\n\t\t<div class=\"elementor-element elementor-element-acf2ff4 e-flex e-con-boxed e-con e-parent\" data-id=\"acf2ff4\" data-element_type=\"container\" data-e-type=\"container\" data-settings=\"{&quot;background_background&quot;:&quot;classic&quot;}\">\n\t\t\t\t\t<div class=\"e-con-inner\">\n\t\t<div class=\"elementor-element elementor-element-a50f29f e-con-full e-flex e-con e-child\" data-id=\"a50f29f\" data-element_type=\"container\" data-e-type=\"container\">\n\t\t\t\t<div class=\"elementor-element elementor-element-8937ad4 elementor-widget elementor-widget-image\" data-id=\"8937ad4\" data-element_type=\"widget\" data-e-type=\"widget\" data-widget_type=\"image.default\">\n\t\t\t\t<div class=\"elementor-widget-container\">\n\t\t\t\t\t\t\t\t\t\t\t\t\t\t\t<img decoding=\"async\" width=\"800\" height=\"575\" src=\"https:\/\/lummilight.com\/wp-content\/uploads\/2025\/02\/O1CN01mZm21T1Bs2hD-1024x736.jpg\" class=\"attachment-large size-large wp-image-318\" alt=\"\" srcset=\"https:\/\/lummilight.com\/wp-content\/uploads\/2025\/02\/O1CN01mZm21T1Bs2hD-1024x736.jpg 1024w, https:\/\/lummilight.com\/wp-content\/uploads\/2025\/02\/O1CN01mZm21T1Bs2hD-300x216.jpg 300w, https:\/\/lummilight.com\/wp-content\/uploads\/2025\/02\/O1CN01mZm21T1Bs2hD-768x552.jpg 768w, https:\/\/lummilight.com\/wp-content\/uploads\/2025\/02\/O1CN01mZm21T1Bs2hD-18x12.jpg 18w, https:\/\/lummilight.com\/wp-content\/uploads\/2025\/02\/O1CN01mZm21T1Bs2hD.jpg 1200w\" sizes=\"(max-width: 800px) 100vw, 800px\" \/>\t\t\t\t\t\t\t\t\t\t\t\t\t\t\t<\/div>\n\t\t\t\t<\/div>\n\t\t\t\t<\/div>\n\t\t<div class=\"elementor-element elementor-element-6cfe646 e-con-full e-flex e-con e-child\" data-id=\"6cfe646\" data-element_type=\"container\" data-e-type=\"container\">\n\t\t\t\t<div class=\"elementor-element elementor-element-957e00a elementor-invisible elementor-widget elementor-widget-heading\" data-id=\"957e00a\" data-element_type=\"widget\" data-e-type=\"widget\" data-settings=\"{&quot;_animation&quot;:&quot;fadeIn&quot;}\" data-widget_type=\"heading.default\">\n\t\t\t\t<div class=\"elementor-widget-container\">\n\t\t\t\t\t<h2 class=\"elementor-heading-title elementor-size-default\">S\u1ef1 theo \u0111u\u1ed5i c\u1ee7a ch\u00fang t\u00f4i<\/h2>\t\t\t\t<\/div>\n\t\t\t\t<\/div>\n\t\t\t\t<div class=\"elementor-element elementor-element-cdbe166 elementor-widget elementor-widget-text-editor\" data-id=\"cdbe166\" data-element_type=\"widget\" data-e-type=\"widget\" data-widget_type=\"text-editor.default\">\n\t\t\t\t<div class=\"elementor-widget-container\">\n\t\t\t\t\t\t\t\t\t<p>LUMMI LIGHT l\u00e0 nh\u00e0 s\u1ea3n xu\u1ea5t h\u00e0ng \u0111\u1ea7u chuy\u00ean cung c\u1ea5p c\u00e1c gi\u1ea3i ph\u00e1p chi\u1ebfu s\u00e1ng n\u1ed9i th\u1ea5t v\u00e0 ngo\u1ea1i th\u1ea5t ch\u1ea5t l\u01b0\u1ee3ng cao cho ng\u01b0\u1eddi d\u00f9ng tr\u00ean to\u00e0n th\u1ebf gi\u1edbi. Ch\u00fang t\u00f4i t\u1eadp trung v\u00e0o thi\u1ebft k\u1ebf chi\u1ebfu s\u00e1ng s\u00e1ng t\u1ea1o, hi\u1ec7u su\u1ea5t xu\u1ea5t s\u1eafc v\u00e0 c\u00e1c kh\u00e1i ni\u1ec7m b\u1ec1n v\u1eefng, v\u00e0 th\u1eafp s\u00e1ng m\u1ecdi kh\u00f4ng gian b\u1eb1ng ngh\u1ec7 thu\u1eadt \u00e1nh s\u00e1ng v\u00e0 b\u00f3ng t\u1ed1i.<\/p><p>C\u00e1c s\u1ea3n ph\u1ea9m chi\u1ebfu s\u00e1ng LED c\u1ee7a ch\u00fang t\u00f4i bao g\u1ed3m c\u00e1c lo\u1ea1i \u0111\u00e8n chi\u1ebfu s\u00e1ng cho m\u1ecdi nhu c\u1ea7u, t\u1eeb trong nh\u00e0, ngo\u00e0i tr\u1eddi, th\u01b0\u01a1ng m\u1ea1i \u0111\u1ebfn gia \u0111\u00ecnh, nh\u1eb1m \u0111\u00e1p \u1ee9ng c\u00e1c nhu c\u1ea7u c\u00e1 nh\u00e2n h\u00f3a c\u1ee7a c\u00e1c \u0111\u1ed1i t\u01b0\u1ee3ng ng\u01b0\u1eddi d\u00f9ng kh\u00e1c nhau.<\/p><p>Ch\u00fang t\u00f4i cam k\u1ebft t\u1ea1o ra m\u1ed9t m\u00f4i tr\u01b0\u1eddng \u00e1nh s\u00e1ng tho\u1ea3i m\u00e1i, l\u00e0nh m\u1ea1nh v\u00e0 tr\u00e0n \u0111\u1ea7y s\u1ee9c s\u1ed1ng cho ng\u01b0\u1eddi d\u00f9ng, gi\u00fap \u00e1nh s\u00e1ng v\u00e0 kh\u00f4ng gian h\u00f2a quy\u1ec7n ho\u00e0n h\u1ea3o, t\u1eeb \u0111\u00f3 n\u00e2ng cao ch\u1ea5t l\u01b0\u1ee3ng cu\u1ed9c s\u1ed1ng.<\/p>\t\t\t\t\t\t\t\t<\/div>\n\t\t\t\t<\/div>\n\t\t\t\t<div class=\"elementor-element elementor-element-7f29394 elementor-widget elementor-widget-button\" data-id=\"7f29394\" data-element_type=\"widget\" data-e-type=\"widget\" data-widget_type=\"button.default\">\n\t\t\t\t<div class=\"elementor-widget-container\">\n\t\t\t\t\t\t\t\t\t<div class=\"elementor-button-wrapper\">\n\t\t\t\t\t<a class=\"elementor-button elementor-button-link elementor-size-sm\" href=\"https:\/\/lummilight.com\/vi\/contact\/\">\n\t\t\t\t\t\t<span class=\"elementor-button-content-wrapper\">\n\t\t\t\t\t\t\t\t\t<span class=\"elementor-button-text\">Y\u00eau c\u1ea7u b\u00e1o gi\u00e1 cho d\u1ef1 \u00e1n c\u1ee7a b\u1ea1n ngay b\u00e2y gi\u1edd<\/span>\n\t\t\t\t\t<\/span>\n\t\t\t\t\t<\/a>\n\t\t\t\t<\/div>\n\t\t\t\t\t\t\t\t<\/div>\n\t\t\t\t<\/div>\n\t\t\t\t<\/div>\n\t\t\t\t\t<\/div>\n\t\t\t\t<\/div>\n\t\t<div class=\"elementor-element elementor-element-7107681a e-flex e-con-boxed e-con e-parent\" data-id=\"7107681a\" data-element_type=\"container\" data-e-type=\"container\" data-settings=\"{&quot;background_background&quot;:&quot;classic&quot;}\">\n\t\t\t\t\t<div class=\"e-con-inner\">\n\t\t\t\t<div class=\"elementor-element elementor-element-63d3aacf elementor-widget elementor-widget-heading\" data-id=\"63d3aacf\" data-element_type=\"widget\" data-e-type=\"widget\" data-widget_type=\"heading.default\">\n\t\t\t\t<div class=\"elementor-widget-container\">\n\t\t\t\t\t<h2 class=\"elementor-heading-title elementor-size-default\">C\u00e1c th\u01b0\u01a1ng hi\u1ec7u tin t\u01b0\u1edfng v\u00e0o Lummi Lighting<\/h2>\t\t\t\t<\/div>\n\t\t\t\t<\/div>\n\t\t\t\t<div class=\"elementor-element elementor-element-1e6f09d8 elementor-widget elementor-widget-image-carousel\" data-id=\"1e6f09d8\" data-element_type=\"widget\" data-e-type=\"widget\" data-settings=\"{&quot;slides_to_show&quot;:&quot;6&quot;,&quot;slides_to_show_tablet&quot;:&quot;4&quot;,&quot;navigation&quot;:&quot;none&quot;,&quot;pause_on_hover&quot;:&quot;no&quot;,&quot;pause_on_interaction&quot;:&quot;no&quot;,&quot;image_spacing_custom&quot;:{&quot;unit&quot;:&quot;px&quot;,&quot;size&quot;:&quot;55&quot;,&quot;sizes&quot;:[]},&quot;slides_to_scroll_tablet&quot;:&quot;1&quot;,&quot;autoplay&quot;:&quot;yes&quot;,&quot;autoplay_speed&quot;:5000,&quot;infinite&quot;:&quot;yes&quot;,&quot;speed&quot;:500,&quot;image_spacing_custom_tablet&quot;:{&quot;unit&quot;:&quot;px&quot;,&quot;size&quot;:&quot;&quot;,&quot;sizes&quot;:[]},&quot;image_spacing_custom_mobile&quot;:{&quot;unit&quot;:&quot;px&quot;,&quot;size&quot;:&quot;&quot;,&quot;sizes&quot;:[]}}\" data-widget_type=\"image-carousel.default\">\n\t\t\t\t<div class=\"elementor-widget-container\">\n\t\t\t\t\t\t\t<div class=\"elementor-image-carousel-wrapper swiper\" role=\"region\" aria-roledescription=\"carousel\" aria-label=\"Tr\u00ecnh chi\u1ebfu h\u00ecnh \u1ea3nh\" dir=\"ltr\">\n\t\t\t<div class=\"elementor-image-carousel swiper-wrapper\" aria-live=\"off\">\n\t\t\t\t\t\t\t\t<div class=\"swiper-slide\" role=\"group\" aria-roledescription=\"slide\" aria-label=\"1 \/ 9\"><figure class=\"swiper-slide-inner\"><img decoding=\"async\" class=\"swiper-slide-image\" src=\"https:\/\/lummilight.com\/wp-content\/uploads\/2025\/02\/c7454cfe-78f0-441a-9288-4aabd186bb96.png\" alt=\"c7454cfe-78f0-441a-9288-4aabd186bb96\" \/><\/figure><\/div><div class=\"swiper-slide\" role=\"group\" aria-roledescription=\"slide\" aria-label=\"2 \/ 9\"><figure class=\"swiper-slide-inner\"><img decoding=\"async\" class=\"swiper-slide-image\" src=\"https:\/\/lummilight.com\/wp-content\/uploads\/2025\/02\/aaf83f7f-ed91-4b55-9c07-aa9d4d0df0c1-1.png\" alt=\"aaf83f7f-ed91-4b55-9c07-aa9d4d0df0c1\" \/><\/figure><\/div><div class=\"swiper-slide\" role=\"group\" aria-roledescription=\"slide\" aria-label=\"3 \/ 9\"><figure class=\"swiper-slide-inner\"><img decoding=\"async\" class=\"swiper-slide-image\" src=\"https:\/\/lummilight.com\/wp-content\/uploads\/2025\/02\/366c4b5c-7ad6-4081-9023-8d355112111f.png\" alt=\"366c4b5c-7ad6-4081-9023-8d355112111f\" \/><\/figure><\/div><div class=\"swiper-slide\" role=\"group\" aria-roledescription=\"slide\" aria-label=\"4 \/ 9\"><figure class=\"swiper-slide-inner\"><img decoding=\"async\" class=\"swiper-slide-image\" src=\"https:\/\/lummilight.com\/wp-content\/uploads\/2025\/02\/90d61e72-8152-421f-a1b3-f61faf9104c3-1.png\" alt=\"90d61e72-8152-421f-a1b3-f61faf9104c3\" \/><\/figure><\/div><div class=\"swiper-slide\" role=\"group\" aria-roledescription=\"slide\" aria-label=\"5 \/ 9\"><figure class=\"swiper-slide-inner\"><img decoding=\"async\" class=\"swiper-slide-image\" src=\"https:\/\/lummilight.com\/wp-content\/uploads\/2025\/02\/66db21f7-4a31-4de0-bf4f-c32ac995e2e7.png\" alt=\"66db21f7-4a31-4de0-bf4f-c32ac995e2e7\" \/><\/figure><\/div><div class=\"swiper-slide\" role=\"group\" aria-roledescription=\"slide\" aria-label=\"6 \/ 9\"><figure class=\"swiper-slide-inner\"><img decoding=\"async\" class=\"swiper-slide-image\" src=\"https:\/\/lummilight.com\/wp-content\/uploads\/2025\/02\/45a653e5-492c-43d9-add7-f2102ccc6cb2.png\" alt=\"45a653e5-492c-43d9-add7-f2102ccc6cb2\" \/><\/figure><\/div><div class=\"swiper-slide\" role=\"group\" aria-roledescription=\"slide\" aria-label=\"7 \/ 9\"><figure class=\"swiper-slide-inner\"><img decoding=\"async\" class=\"swiper-slide-image\" src=\"https:\/\/lummilight.com\/wp-content\/uploads\/2025\/02\/5d732aa1-a59f-4bbc-9e9f-164733f4f3f4.png\" alt=\"5d732aa1-a59f-4bbc-9e9f-164733f4f3f4\" \/><\/figure><\/div><div class=\"swiper-slide\" role=\"group\" aria-roledescription=\"slide\" aria-label=\"8 \/ 9\"><figure class=\"swiper-slide-inner\"><img decoding=\"async\" class=\"swiper-slide-image\" src=\"https:\/\/lummilight.com\/wp-content\/uploads\/2025\/02\/aaf83f7f-ed91-4b55-9c07-aa9d4d0df0c1.png\" alt=\"aaf83f7f-ed91-4b55-9c07-aa9d4d0df0c1\" \/><\/figure><\/div><div class=\"swiper-slide\" role=\"group\" aria-roledescription=\"slide\" aria-label=\"9 \/ 9\"><figure class=\"swiper-slide-inner\"><img decoding=\"async\" class=\"swiper-slide-image\" src=\"https:\/\/lummilight.com\/wp-content\/uploads\/2025\/02\/90d61e72-8152-421f-a1b3-f61faf9104c3.png\" alt=\"90d61e72-8152-421f-a1b3-f61faf9104c3\" \/><\/figure><\/div>\t\t\t<\/div>\n\t\t\t\t\t\t\t\n\t\t\t\t\t\t\t\t\t<\/div>\n\t\t\t\t\t\t<\/div>\n\t\t\t\t<\/div>\n\t\t\t\t\t<\/div>\n\t\t\t\t<\/div>\n\t\t<div class=\"elementor-element elementor-element-1019627 e-con-full e-flex e-con e-parent\" data-id=\"1019627\" data-element_type=\"container\" data-e-type=\"container\" data-settings=\"{&quot;background_background&quot;:&quot;gradient&quot;}\">\n\t\t<div class=\"elementor-element elementor-element-c7bb977 e-con-full e-flex e-con e-child\" data-id=\"c7bb977\" data-element_type=\"container\" data-e-type=\"container\">\n\t\t\t\t<div class=\"elementor-element elementor-element-954d300 elementor-widget elementor-widget-heading\" data-id=\"954d300\" data-element_type=\"widget\" data-e-type=\"widget\" data-widget_type=\"heading.default\">\n\t\t\t\t<div class=\"elementor-widget-container\">\n\t\t\t\t\t<h2 class=\"elementor-heading-title elementor-size-default\">C\u1ea7n b\u00e1o gi\u00e1 ngay l\u1eadp t\u1ee9c cho c\u00e1c d\u1ef1 \u00e1n s\u1eafp t\u1edbi c\u1ee7a b\u1ea1n?<\/h2>\t\t\t\t<\/div>\n\t\t\t\t<\/div>\n\t\t\t\t<div class=\"elementor-element elementor-element-17b1098 elementor-widget elementor-widget-text-editor\" data-id=\"17b1098\" data-element_type=\"widget\" data-e-type=\"widget\" data-widget_type=\"text-editor.default\">\n\t\t\t\t<div class=\"elementor-widget-container\">\n\t\t\t\t\t\t\t\t\t<p>Vui l\u00f2ng g\u1eedi cho ch\u00fang t\u00f4i chi ti\u1ebft v\u00e0 ch\u00fang t\u00f4i s\u1ebd li\u00ean h\u1ec7 l\u1ea1i v\u1edbi b\u1ea1n trong v\u00f2ng 6 gi\u1edd.<\/p>\t\t\t\t\t\t\t\t<\/div>\n\t\t\t\t<\/div>\n\t\t\t\t<div class=\"elementor-element elementor-element-de36088 elementor-widget elementor-widget-button\" data-id=\"de36088\" data-element_type=\"widget\" data-e-type=\"widget\" data-widget_type=\"button.default\">\n\t\t\t\t<div class=\"elementor-widget-container\">\n\t\t\t\t\t\t\t\t\t<div class=\"elementor-button-wrapper\">\n\t\t\t\t\t<a class=\"elementor-button elementor-button-link elementor-size-sm\" href=\"https:\/\/lummilight.com\/vi\/contact\/\">\n\t\t\t\t\t\t<span class=\"elementor-button-content-wrapper\">\n\t\t\t\t\t\t<span class=\"elementor-button-icon\">\n\t\t\t\t<svg aria-hidden=\"true\" class=\"e-font-icon-svg e-far-hand-point-right\" viewbox=\"0 0 512 512\" xmlns=\"http:\/\/www.w3.org\/2000\/svg\"><path d=\"M428.8 137.6h-86.177a115.52 115.52 0 0 0 2.176-22.4c0-47.914-35.072-83.2-92-83.2-45.314 0-57.002 48.537-75.707 78.784-7.735 12.413-16.994 23.317-25.851 33.253l-.131.146-.129.148C135.662 161.807 127.764 168 120.8 168h-2.679c-5.747-4.952-13.536-8-22.12-8H32c-17.673 0-32 12.894-32 28.8v230.4C0 435.106 14.327 448 32 448h64c8.584 0 16.373-3.048 22.12-8h2.679c28.688 0 67.137 40 127.2 40h21.299c62.542 0 98.8-38.658 99.94-91.145 12.482-17.813 18.491-40.785 15.985-62.791A93.148 93.148 0 0 0 393.152 304H428.8c45.435 0 83.2-37.584 83.2-83.2 0-45.099-38.101-83.2-83.2-83.2zm0 118.4h-91.026c12.837 14.669 14.415 42.825-4.95 61.05 11.227 19.646 1.687 45.624-12.925 53.625 6.524 39.128-10.076 61.325-50.6 61.325H248c-45.491 0-77.21-35.913-120-39.676V215.571c25.239-2.964 42.966-21.222 59.075-39.596 11.275-12.65 21.725-25.3 30.799-39.875C232.355 112.712 244.006 80 252.8 80c23.375 0 44 8.8 44 35.2 0 35.2-26.4 53.075-26.4 70.4h158.4c18.425 0 35.2 16.5 35.2 35.2 0 18.975-16.225 35.2-35.2 35.2zM88 384c0 13.255-10.745 24-24 24s-24-10.745-24-24 10.745-24 24-24 24 10.745 24 24z\"><\/path><\/svg>\t\t\t<\/span>\n\t\t\t\t\t\t\t\t\t<span class=\"elementor-button-text\">Li\u00ean h\u1ec7 v\u1edbi ch\u00fang t\u00f4i ngay b\u00e2y gi\u1edd<\/span>\n\t\t\t\t\t<\/span>\n\t\t\t\t\t<\/a>\n\t\t\t\t<\/div>\n\t\t\t\t\t\t\t\t<\/div>\n\t\t\t\t<\/div>\n\t\t\t\t<\/div>\n\t\t<div class=\"elementor-element elementor-element-b8b742d e-con-full e-flex e-con e-child\" data-id=\"b8b742d\" data-element_type=\"container\" data-e-type=\"container\">\n\t\t\t\t<div class=\"elementor-element elementor-element-01bdc46 elementor-widget elementor-widget-image\" data-id=\"01bdc46\" data-element_type=\"widget\" data-e-type=\"widget\" data-widget_type=\"image.default\">\n\t\t\t\t<div class=\"elementor-widget-container\">\n\t\t\t\t\t\t\t\t\t\t\t\t\t\t\t<img decoding=\"async\" width=\"800\" height=\"541\" src=\"https:\/\/lummilight.com\/wp-content\/uploads\/2025\/02\/Architectural-Lighting-1024x693.webp\" class=\"attachment-large size-large wp-image-149\" alt=\"Chi\u1ebfu s\u00e1ng ki\u1ebfn tr\u00fac\" srcset=\"https:\/\/lummilight.com\/wp-content\/uploads\/2025\/02\/Architectural-Lighting-1024x693.webp 1024w, https:\/\/lummilight.com\/wp-content\/uploads\/2025\/02\/Architectural-Lighting-300x203.webp 300w, https:\/\/lummilight.com\/wp-content\/uploads\/2025\/02\/Architectural-Lighting-768x520.webp 768w, https:\/\/lummilight.com\/wp-content\/uploads\/2025\/02\/Architectural-Lighting-18x12.webp 18w, https:\/\/lummilight.com\/wp-content\/uploads\/2025\/02\/Architectural-Lighting.webp 1200w\" sizes=\"(max-width: 800px) 100vw, 800px\" \/>\t\t\t\t\t\t\t\t\t\t\t\t\t\t\t<\/div>\n\t\t\t\t<\/div>\n\t\t\t\t<\/div>\n\t\t\t\t<\/div>\n\t\t\t\t<\/div>","protected":false},"excerpt":{"rendered":"<p>Top Indoor and Outdoor LED Lighting Manufacturer in China LUMMI LIGHT, established in 2015 and headquartered in Shenzhen, is a leading indoor lighting and outdoor lighting solutions manufacturer. With a dedicated team of over 100 professionals, we specialize in delivering high-quality LED lighting products that meet international standards. Our company is ISO9001 certified and holds [&hellip;]<\/p>\n","protected":false},"author":1,"featured_media":0,"parent":0,"menu_order":2,"comment_status":"closed","ping_status":"closed","template":"","meta":{"footnotes":""},"class_list":["post-42","page","type-page","status-publish","hentry"],"_links":{"self":[{"href":"https:\/\/lummilight.com\/vi\/wp-json\/wp\/v2\/pages\/42","targetHints":{"allow":["GET"]}}],"collection":[{"href":"https:\/\/lummilight.com\/vi\/wp-json\/wp\/v2\/pages"}],"about":[{"href":"https:\/\/lummilight.com\/vi\/wp-json\/wp\/v2\/types\/page"}],"author":[{"embeddable":true,"href":"https:\/\/lummilight.com\/vi\/wp-json\/wp\/v2\/users\/1"}],"replies":[{"embeddable":true,"href":"https:\/\/lummilight.com\/vi\/wp-json\/wp\/v2\/comments?post=42"}],"version-history":[{"count":46,"href":"https:\/\/lummilight.com\/vi\/wp-json\/wp\/v2\/pages\/42\/revisions"}],"predecessor-version":[{"id":1594,"href":"https:\/\/lummilight.com\/vi\/wp-json\/wp\/v2\/pages\/42\/revisions\/1594"}],"wp:attachment":[{"href":"https:\/\/lummilight.com\/vi\/wp-json\/wp\/v2\/media?parent=42"}],"curies":[{"name":"wp","href":"https:\/\/api.w.org\/{rel}","templated":true}]}}