{"id":42,"date":"2025-01-21T13:37:14","date_gmt":"2025-01-21T13:37:14","guid":{"rendered":"https:\/\/lummilight.com\/?page_id=42"},"modified":"2025-04-02T01:47:15","modified_gmt":"2025-04-02T01:47:15","slug":"about","status":"publish","type":"page","link":"https:\/\/lummilight.com\/de\/about\/","title":{"rendered":"\u00dcber"},"content":{"rendered":"<div data-elementor-type=\"wp-page\" data-elementor-id=\"42\" class=\"elementor elementor-42\" data-elementor-post-type=\"page\">\n\t\t\t\t<div class=\"elementor-element elementor-element-477846af e-flex e-con-boxed e-con e-parent\" data-id=\"477846af\" data-element_type=\"container\" data-e-type=\"container\" data-settings=\"{&quot;background_background&quot;:&quot;classic&quot;}\">\n\t\t\t\t\t<div class=\"e-con-inner\">\n\t\t<div class=\"elementor-element elementor-element-17f96f6e e-con-full e-flex e-con e-child\" data-id=\"17f96f6e\" data-element_type=\"container\" data-e-type=\"container\">\n\t\t\t\t<div class=\"elementor-element elementor-element-28755bfa elementor-invisible elementor-widget elementor-widget-heading\" data-id=\"28755bfa\" data-element_type=\"widget\" data-e-type=\"widget\" data-settings=\"{&quot;_animation&quot;:&quot;fadeIn&quot;}\" data-widget_type=\"heading.default\">\n\t\t\t\t<div class=\"elementor-widget-container\">\n\t\t\t\t\t<h1 class=\"elementor-heading-title elementor-size-default\">Top Innen- und Au\u00dfen-LED-Beleuchtung Hersteller in China<\/h1>\t\t\t\t<\/div>\n\t\t\t\t<\/div>\n\t\t\t\t<div class=\"elementor-element elementor-element-3bfb0907 elementor-widget elementor-widget-text-editor\" data-id=\"3bfb0907\" data-element_type=\"widget\" data-e-type=\"widget\" data-widget_type=\"text-editor.default\">\n\t\t\t\t<div class=\"elementor-widget-container\">\n\t\t\t\t\t\t\t\t\t<p>LUMMI LIGHT, gegr\u00fcndet 2015 und mit Hauptsitz in Shenzhen, ist ein f\u00fchrender <a href=\"https:\/\/lummilight.com\/de\/indoor\/\">Innenbeleuchtung<\/a> und <a href=\"https:\/\/lummilight.com\/de\/outdoor\/\">Au\u00dfenbeleuchtung<\/a> Hersteller von L\u00f6sungen. Mit einem engagierten Team von \u00fcber 100 Fachleuten sind wir darauf spezialisiert, hochwertige LED-Beleuchtungsprodukte zu liefern, die internationalen Standards entsprechen. Unser Unternehmen ist ISO9001-zertifiziert und verf\u00fcgt \u00fcber CE-, RoHS-, ETL- und UL-Zertifikate, die Produktsicherheit, Zuverl\u00e4ssigkeit und Umweltvertr\u00e4glichkeit gew\u00e4hrleisten.<\/p><p>Jedes Produkt wird von uns streng kontrolliert und gepr\u00fcft, von der Kontrolle der Rohstoffe \u00fcber die Produktion und Verarbeitung bis hin zur Montage.\u00a0<\/p>\t\t\t\t\t\t\t\t<\/div>\n\t\t\t\t<\/div>\n\t\t\t\t<\/div>\n\t\t<div class=\"elementor-element elementor-element-2fed29c2 e-con-full e-flex e-con e-child\" data-id=\"2fed29c2\" data-element_type=\"container\" data-e-type=\"container\">\n\t\t\t\t<div class=\"elementor-element elementor-element-3ffd2810 elementor-widget elementor-widget-image\" data-id=\"3ffd2810\" data-element_type=\"widget\" data-e-type=\"widget\" data-widget_type=\"image.default\">\n\t\t\t\t<div class=\"elementor-widget-container\">\n\t\t\t\t\t\t\t\t\t\t\t\t\t\t\t<img fetchpriority=\"high\" decoding=\"async\" width=\"800\" height=\"500\" src=\"https:\/\/lummilight.com\/wp-content\/uploads\/2025\/02\/O1CN01FvPVvq201PkXQ.jpg\" class=\"attachment-large size-large wp-image-316\" alt=\"\" srcset=\"https:\/\/lummilight.com\/wp-content\/uploads\/2025\/02\/O1CN01FvPVvq201PkXQ.jpg 1000w, https:\/\/lummilight.com\/wp-content\/uploads\/2025\/02\/O1CN01FvPVvq201PkXQ-300x188.jpg 300w, https:\/\/lummilight.com\/wp-content\/uploads\/2025\/02\/O1CN01FvPVvq201PkXQ-768x480.jpg 768w, https:\/\/lummilight.com\/wp-content\/uploads\/2025\/02\/O1CN01FvPVvq201PkXQ-18x12.jpg 18w\" sizes=\"(max-width: 800px) 100vw, 800px\" \/>\t\t\t\t\t\t\t\t\t\t\t\t\t\t\t<\/div>\n\t\t\t\t<\/div>\n\t\t\t\t<\/div>\n\t\t\t\t\t<\/div>\n\t\t\t\t<\/div>\n\t\t<div class=\"elementor-element elementor-element-acf2ff4 e-flex e-con-boxed e-con e-parent\" data-id=\"acf2ff4\" data-element_type=\"container\" data-e-type=\"container\" data-settings=\"{&quot;background_background&quot;:&quot;classic&quot;}\">\n\t\t\t\t\t<div class=\"e-con-inner\">\n\t\t<div class=\"elementor-element elementor-element-a50f29f e-con-full e-flex e-con e-child\" data-id=\"a50f29f\" data-element_type=\"container\" data-e-type=\"container\">\n\t\t\t\t<div class=\"elementor-element elementor-element-8937ad4 elementor-widget elementor-widget-image\" data-id=\"8937ad4\" data-element_type=\"widget\" data-e-type=\"widget\" data-widget_type=\"image.default\">\n\t\t\t\t<div class=\"elementor-widget-container\">\n\t\t\t\t\t\t\t\t\t\t\t\t\t\t\t<img decoding=\"async\" width=\"800\" height=\"575\" src=\"https:\/\/lummilight.com\/wp-content\/uploads\/2025\/02\/O1CN01mZm21T1Bs2hD-1024x736.jpg\" class=\"attachment-large size-large wp-image-318\" alt=\"\" srcset=\"https:\/\/lummilight.com\/wp-content\/uploads\/2025\/02\/O1CN01mZm21T1Bs2hD-1024x736.jpg 1024w, https:\/\/lummilight.com\/wp-content\/uploads\/2025\/02\/O1CN01mZm21T1Bs2hD-300x216.jpg 300w, https:\/\/lummilight.com\/wp-content\/uploads\/2025\/02\/O1CN01mZm21T1Bs2hD-768x552.jpg 768w, https:\/\/lummilight.com\/wp-content\/uploads\/2025\/02\/O1CN01mZm21T1Bs2hD-18x12.jpg 18w, https:\/\/lummilight.com\/wp-content\/uploads\/2025\/02\/O1CN01mZm21T1Bs2hD.jpg 1200w\" sizes=\"(max-width: 800px) 100vw, 800px\" \/>\t\t\t\t\t\t\t\t\t\t\t\t\t\t\t<\/div>\n\t\t\t\t<\/div>\n\t\t\t\t<\/div>\n\t\t<div class=\"elementor-element elementor-element-6cfe646 e-con-full e-flex e-con e-child\" data-id=\"6cfe646\" data-element_type=\"container\" data-e-type=\"container\">\n\t\t\t\t<div class=\"elementor-element elementor-element-957e00a elementor-invisible elementor-widget elementor-widget-heading\" data-id=\"957e00a\" data-element_type=\"widget\" data-e-type=\"widget\" data-settings=\"{&quot;_animation&quot;:&quot;fadeIn&quot;}\" data-widget_type=\"heading.default\">\n\t\t\t\t<div class=\"elementor-widget-container\">\n\t\t\t\t\t<h2 class=\"elementor-heading-title elementor-size-default\">Unser Streben<\/h2>\t\t\t\t<\/div>\n\t\t\t\t<\/div>\n\t\t\t\t<div class=\"elementor-element elementor-element-cdbe166 elementor-widget elementor-widget-text-editor\" data-id=\"cdbe166\" data-element_type=\"widget\" data-e-type=\"widget\" data-widget_type=\"text-editor.default\">\n\t\t\t\t<div class=\"elementor-widget-container\">\n\t\t\t\t\t\t\t\t\t<p>LUMMI LIGHT ist ein f\u00fchrender Hersteller, der Anwendern auf der ganzen Welt hochwertige Beleuchtungsl\u00f6sungen f\u00fcr den Innen- und Au\u00dfenbereich anbietet. Wir konzentrieren uns auf innovatives Lichtdesign, exzellente Leistung und nachhaltige Konzepte und beleuchten jeden Raum mit der Kunst von Licht und Schatten.<\/p><p>Unsere LED-Beleuchtungsprodukte decken alle Beleuchtungsszenarien ab, wie z. B. Innen-, Au\u00dfen-, Gesch\u00e4fts- und Heimbeleuchtung, um die individuellen Bed\u00fcrfnisse der verschiedenen Benutzer zu erf\u00fcllen.<\/p><p>Unser Ziel ist es, f\u00fcr die Nutzer eine komfortable, gesunde und lebendige Lichtumgebung zu schaffen, in der Licht und Raum perfekt miteinander verschmelzen und die Lebensqualit\u00e4t verbessern.<\/p>\t\t\t\t\t\t\t\t<\/div>\n\t\t\t\t<\/div>\n\t\t\t\t<div class=\"elementor-element elementor-element-7f29394 elementor-widget elementor-widget-button\" data-id=\"7f29394\" data-element_type=\"widget\" data-e-type=\"widget\" data-widget_type=\"button.default\">\n\t\t\t\t<div class=\"elementor-widget-container\">\n\t\t\t\t\t\t\t\t\t<div class=\"elementor-button-wrapper\">\n\t\t\t\t\t<a class=\"elementor-button elementor-button-link elementor-size-sm\" href=\"https:\/\/lummilight.com\/de\/contact\/\">\n\t\t\t\t\t\t<span class=\"elementor-button-content-wrapper\">\n\t\t\t\t\t\t\t\t\t<span class=\"elementor-button-text\">Jetzt Angebot f\u00fcr Ihr Projekt anfordern<\/span>\n\t\t\t\t\t<\/span>\n\t\t\t\t\t<\/a>\n\t\t\t\t<\/div>\n\t\t\t\t\t\t\t\t<\/div>\n\t\t\t\t<\/div>\n\t\t\t\t<\/div>\n\t\t\t\t\t<\/div>\n\t\t\t\t<\/div>\n\t\t<div class=\"elementor-element elementor-element-7107681a e-flex e-con-boxed e-con e-parent\" data-id=\"7107681a\" data-element_type=\"container\" data-e-type=\"container\" data-settings=\"{&quot;background_background&quot;:&quot;classic&quot;}\">\n\t\t\t\t\t<div class=\"e-con-inner\">\n\t\t\t\t<div class=\"elementor-element elementor-element-63d3aacf elementor-widget elementor-widget-heading\" data-id=\"63d3aacf\" data-element_type=\"widget\" data-e-type=\"widget\" data-widget_type=\"heading.default\">\n\t\t\t\t<div class=\"elementor-widget-container\">\n\t\t\t\t\t<h2 class=\"elementor-heading-title elementor-size-default\">Marken, die sich auf Lummi Lighting verlassen<\/h2>\t\t\t\t<\/div>\n\t\t\t\t<\/div>\n\t\t\t\t<div class=\"elementor-element elementor-element-1e6f09d8 elementor-widget elementor-widget-image-carousel\" data-id=\"1e6f09d8\" data-element_type=\"widget\" data-e-type=\"widget\" data-settings=\"{&quot;slides_to_show&quot;:&quot;6&quot;,&quot;slides_to_show_tablet&quot;:&quot;4&quot;,&quot;navigation&quot;:&quot;none&quot;,&quot;pause_on_hover&quot;:&quot;no&quot;,&quot;pause_on_interaction&quot;:&quot;no&quot;,&quot;image_spacing_custom&quot;:{&quot;unit&quot;:&quot;px&quot;,&quot;size&quot;:&quot;55&quot;,&quot;sizes&quot;:[]},&quot;slides_to_scroll_tablet&quot;:&quot;1&quot;,&quot;autoplay&quot;:&quot;yes&quot;,&quot;autoplay_speed&quot;:5000,&quot;infinite&quot;:&quot;yes&quot;,&quot;speed&quot;:500,&quot;image_spacing_custom_tablet&quot;:{&quot;unit&quot;:&quot;px&quot;,&quot;size&quot;:&quot;&quot;,&quot;sizes&quot;:[]},&quot;image_spacing_custom_mobile&quot;:{&quot;unit&quot;:&quot;px&quot;,&quot;size&quot;:&quot;&quot;,&quot;sizes&quot;:[]}}\" data-widget_type=\"image-carousel.default\">\n\t\t\t\t<div class=\"elementor-widget-container\">\n\t\t\t\t\t\t\t<div class=\"elementor-image-carousel-wrapper swiper\" role=\"region\" aria-roledescription=\"carousel\" aria-label=\"\u56fe\u50cf\u8f6e\u64ad\" dir=\"ltr\">\n\t\t\t<div class=\"elementor-image-carousel swiper-wrapper\" aria-live=\"off\">\n\t\t\t\t\t\t\t\t<div class=\"swiper-slide\" role=\"group\" aria-roledescription=\"slide\" aria-label=\"1 \/ 9\"><figure class=\"swiper-slide-inner\"><img decoding=\"async\" class=\"swiper-slide-image\" src=\"https:\/\/lummilight.com\/wp-content\/uploads\/2025\/02\/c7454cfe-78f0-441a-9288-4aabd186bb96.png\" alt=\"c7454cfe-78f0-441a-9288-4aabd186bb96\" \/><\/figure><\/div><div class=\"swiper-slide\" role=\"group\" aria-roledescription=\"slide\" aria-label=\"2 \/ 9\"><figure class=\"swiper-slide-inner\"><img decoding=\"async\" class=\"swiper-slide-image\" src=\"https:\/\/lummilight.com\/wp-content\/uploads\/2025\/02\/aaf83f7f-ed91-4b55-9c07-aa9d4d0df0c1-1.png\" alt=\"aaf83f7f-ed91-4b55-9c07-aa9d4d0df0c1\" \/><\/figure><\/div><div class=\"swiper-slide\" role=\"group\" aria-roledescription=\"slide\" aria-label=\"3 \/ 9\"><figure class=\"swiper-slide-inner\"><img decoding=\"async\" class=\"swiper-slide-image\" src=\"https:\/\/lummilight.com\/wp-content\/uploads\/2025\/02\/366c4b5c-7ad6-4081-9023-8d355112111f.png\" alt=\"366c4b5c-7ad6-4081-9023-8d355112111f\" \/><\/figure><\/div><div class=\"swiper-slide\" role=\"group\" aria-roledescription=\"slide\" aria-label=\"4 \/ 9\"><figure class=\"swiper-slide-inner\"><img decoding=\"async\" class=\"swiper-slide-image\" src=\"https:\/\/lummilight.com\/wp-content\/uploads\/2025\/02\/90d61e72-8152-421f-a1b3-f61faf9104c3-1.png\" alt=\"90d61e72-8152-421f-a1b3-f61faf9104c3\" \/><\/figure><\/div><div class=\"swiper-slide\" role=\"group\" aria-roledescription=\"slide\" aria-label=\"5 \/ 9\"><figure class=\"swiper-slide-inner\"><img decoding=\"async\" class=\"swiper-slide-image\" src=\"https:\/\/lummilight.com\/wp-content\/uploads\/2025\/02\/66db21f7-4a31-4de0-bf4f-c32ac995e2e7.png\" alt=\"66db21f7-4a31-4de0-bf4f-c32ac995e2e7\" \/><\/figure><\/div><div class=\"swiper-slide\" role=\"group\" aria-roledescription=\"slide\" aria-label=\"6 \/ 9\"><figure class=\"swiper-slide-inner\"><img decoding=\"async\" class=\"swiper-slide-image\" src=\"https:\/\/lummilight.com\/wp-content\/uploads\/2025\/02\/45a653e5-492c-43d9-add7-f2102ccc6cb2.png\" alt=\"45a653e5-492c-43d9-add7-f2102ccc6cb2\" \/><\/figure><\/div><div class=\"swiper-slide\" role=\"group\" aria-roledescription=\"slide\" aria-label=\"7 \/ 9\"><figure class=\"swiper-slide-inner\"><img decoding=\"async\" class=\"swiper-slide-image\" src=\"https:\/\/lummilight.com\/wp-content\/uploads\/2025\/02\/5d732aa1-a59f-4bbc-9e9f-164733f4f3f4.png\" alt=\"5d732aa1-a59f-4bbc-9e9f-164733f4f3f4\" \/><\/figure><\/div><div class=\"swiper-slide\" role=\"group\" aria-roledescription=\"slide\" aria-label=\"8 \/ 9\"><figure class=\"swiper-slide-inner\"><img decoding=\"async\" class=\"swiper-slide-image\" src=\"https:\/\/lummilight.com\/wp-content\/uploads\/2025\/02\/aaf83f7f-ed91-4b55-9c07-aa9d4d0df0c1.png\" alt=\"aaf83f7f-ed91-4b55-9c07-aa9d4d0df0c1\" \/><\/figure><\/div><div class=\"swiper-slide\" role=\"group\" aria-roledescription=\"slide\" aria-label=\"9 \/ 9\"><figure class=\"swiper-slide-inner\"><img decoding=\"async\" class=\"swiper-slide-image\" src=\"https:\/\/lummilight.com\/wp-content\/uploads\/2025\/02\/90d61e72-8152-421f-a1b3-f61faf9104c3.png\" alt=\"90d61e72-8152-421f-a1b3-f61faf9104c3\" \/><\/figure><\/div>\t\t\t<\/div>\n\t\t\t\t\t\t\t\n\t\t\t\t\t\t\t\t\t<\/div>\n\t\t\t\t\t\t<\/div>\n\t\t\t\t<\/div>\n\t\t\t\t\t<\/div>\n\t\t\t\t<\/div>\n\t\t<div class=\"elementor-element elementor-element-1019627 e-con-full e-flex e-con e-parent\" data-id=\"1019627\" data-element_type=\"container\" data-e-type=\"container\" data-settings=\"{&quot;background_background&quot;:&quot;gradient&quot;}\">\n\t\t<div class=\"elementor-element elementor-element-c7bb977 e-con-full e-flex e-con e-child\" data-id=\"c7bb977\" data-element_type=\"container\" data-e-type=\"container\">\n\t\t\t\t<div class=\"elementor-element elementor-element-954d300 elementor-widget elementor-widget-heading\" data-id=\"954d300\" data-element_type=\"widget\" data-e-type=\"widget\" data-widget_type=\"heading.default\">\n\t\t\t\t<div class=\"elementor-widget-container\">\n\t\t\t\t\t<h2 class=\"elementor-heading-title elementor-size-default\">Ben\u00f6tigen Sie ein sofortiges Angebot f\u00fcr Ihre anstehenden Projekte?<\/h2>\t\t\t\t<\/div>\n\t\t\t\t<\/div>\n\t\t\t\t<div class=\"elementor-element elementor-element-17b1098 elementor-widget elementor-widget-text-editor\" data-id=\"17b1098\" data-element_type=\"widget\" data-e-type=\"widget\" data-widget_type=\"text-editor.default\">\n\t\t\t\t<div class=\"elementor-widget-container\">\n\t\t\t\t\t\t\t\t\t<p>Senden Sie uns die Details und wir werden uns innerhalb von 6 Stunden bei Ihnen melden.<\/p>\t\t\t\t\t\t\t\t<\/div>\n\t\t\t\t<\/div>\n\t\t\t\t<div class=\"elementor-element elementor-element-de36088 elementor-widget elementor-widget-button\" data-id=\"de36088\" data-element_type=\"widget\" data-e-type=\"widget\" data-widget_type=\"button.default\">\n\t\t\t\t<div class=\"elementor-widget-container\">\n\t\t\t\t\t\t\t\t\t<div class=\"elementor-button-wrapper\">\n\t\t\t\t\t<a class=\"elementor-button elementor-button-link elementor-size-sm\" href=\"https:\/\/lummilight.com\/de\/contact\/\">\n\t\t\t\t\t\t<span class=\"elementor-button-content-wrapper\">\n\t\t\t\t\t\t<span class=\"elementor-button-icon\">\n\t\t\t\t<svg aria-hidden=\"true\" class=\"e-font-icon-svg e-far-hand-point-right\" viewbox=\"0 0 512 512\" xmlns=\"http:\/\/www.w3.org\/2000\/svg\"><path d=\"M428.8 137.6h-86.177a115.52 115.52 0 0 0 2.176-22.4c0-47.914-35.072-83.2-92-83.2-45.314 0-57.002 48.537-75.707 78.784-7.735 12.413-16.994 23.317-25.851 33.253l-.131.146-.129.148C135.662 161.807 127.764 168 120.8 168h-2.679c-5.747-4.952-13.536-8-22.12-8H32c-17.673 0-32 12.894-32 28.8v230.4C0 435.106 14.327 448 32 448h64c8.584 0 16.373-3.048 22.12-8h2.679c28.688 0 67.137 40 127.2 40h21.299c62.542 0 98.8-38.658 99.94-91.145 12.482-17.813 18.491-40.785 15.985-62.791A93.148 93.148 0 0 0 393.152 304H428.8c45.435 0 83.2-37.584 83.2-83.2 0-45.099-38.101-83.2-83.2-83.2zm0 118.4h-91.026c12.837 14.669 14.415 42.825-4.95 61.05 11.227 19.646 1.687 45.624-12.925 53.625 6.524 39.128-10.076 61.325-50.6 61.325H248c-45.491 0-77.21-35.913-120-39.676V215.571c25.239-2.964 42.966-21.222 59.075-39.596 11.275-12.65 21.725-25.3 30.799-39.875C232.355 112.712 244.006 80 252.8 80c23.375 0 44 8.8 44 35.2 0 35.2-26.4 53.075-26.4 70.4h158.4c18.425 0 35.2 16.5 35.2 35.2 0 18.975-16.225 35.2-35.2 35.2zM88 384c0 13.255-10.745 24-24 24s-24-10.745-24-24 10.745-24 24-24 24 10.745 24 24z\"><\/path><\/svg>\t\t\t<\/span>\n\t\t\t\t\t\t\t\t\t<span class=\"elementor-button-text\">Kontaktieren Sie uns jetzt<\/span>\n\t\t\t\t\t<\/span>\n\t\t\t\t\t<\/a>\n\t\t\t\t<\/div>\n\t\t\t\t\t\t\t\t<\/div>\n\t\t\t\t<\/div>\n\t\t\t\t<\/div>\n\t\t<div class=\"elementor-element elementor-element-b8b742d e-con-full e-flex e-con e-child\" data-id=\"b8b742d\" data-element_type=\"container\" data-e-type=\"container\">\n\t\t\t\t<div class=\"elementor-element elementor-element-01bdc46 elementor-widget elementor-widget-image\" data-id=\"01bdc46\" data-element_type=\"widget\" data-e-type=\"widget\" data-widget_type=\"image.default\">\n\t\t\t\t<div class=\"elementor-widget-container\">\n\t\t\t\t\t\t\t\t\t\t\t\t\t\t\t<img decoding=\"async\" width=\"800\" height=\"541\" src=\"https:\/\/lummilight.com\/wp-content\/uploads\/2025\/02\/Architectural-Lighting-1024x693.webp\" class=\"attachment-large size-large wp-image-149\" alt=\"Architektonische Beleuchtung\" srcset=\"https:\/\/lummilight.com\/wp-content\/uploads\/2025\/02\/Architectural-Lighting-1024x693.webp 1024w, https:\/\/lummilight.com\/wp-content\/uploads\/2025\/02\/Architectural-Lighting-300x203.webp 300w, https:\/\/lummilight.com\/wp-content\/uploads\/2025\/02\/Architectural-Lighting-768x520.webp 768w, https:\/\/lummilight.com\/wp-content\/uploads\/2025\/02\/Architectural-Lighting-18x12.webp 18w, https:\/\/lummilight.com\/wp-content\/uploads\/2025\/02\/Architectural-Lighting.webp 1200w\" sizes=\"(max-width: 800px) 100vw, 800px\" \/>\t\t\t\t\t\t\t\t\t\t\t\t\t\t\t<\/div>\n\t\t\t\t<\/div>\n\t\t\t\t<\/div>\n\t\t\t\t<\/div>\n\t\t\t\t<\/div>","protected":false},"excerpt":{"rendered":"<p>Top Indoor and Outdoor LED Lighting Manufacturer in China LUMMI LIGHT, established in 2015 and headquartered in Shenzhen, is a leading indoor lighting and outdoor lighting solutions manufacturer. With a dedicated team of over 100 professionals, we specialize in delivering high-quality LED lighting products that meet international standards. Our company is ISO9001 certified and holds [&hellip;]<\/p>\n","protected":false},"author":1,"featured_media":0,"parent":0,"menu_order":2,"comment_status":"closed","ping_status":"closed","template":"","meta":{"footnotes":""},"class_list":["post-42","page","type-page","status-publish","hentry"],"_links":{"self":[{"href":"https:\/\/lummilight.com\/de\/wp-json\/wp\/v2\/pages\/42","targetHints":{"allow":["GET"]}}],"collection":[{"href":"https:\/\/lummilight.com\/de\/wp-json\/wp\/v2\/pages"}],"about":[{"href":"https:\/\/lummilight.com\/de\/wp-json\/wp\/v2\/types\/page"}],"author":[{"embeddable":true,"href":"https:\/\/lummilight.com\/de\/wp-json\/wp\/v2\/users\/1"}],"replies":[{"embeddable":true,"href":"https:\/\/lummilight.com\/de\/wp-json\/wp\/v2\/comments?post=42"}],"version-history":[{"count":46,"href":"https:\/\/lummilight.com\/de\/wp-json\/wp\/v2\/pages\/42\/revisions"}],"predecessor-version":[{"id":1594,"href":"https:\/\/lummilight.com\/de\/wp-json\/wp\/v2\/pages\/42\/revisions\/1594"}],"wp:attachment":[{"href":"https:\/\/lummilight.com\/de\/wp-json\/wp\/v2\/media?parent=42"}],"curies":[{"name":"wp","href":"https:\/\/api.w.org\/{rel}","templated":true}]}}